{"id":110,"date":"2015-09-15T13:44:38","date_gmt":"2015-09-15T11:44:38","guid":{"rendered":"http:\/\/aeroclub-klippeneck.de\/wp\/?page_id=110"},"modified":"2017-03-24T11:34:33","modified_gmt":"2017-03-24T10:34:33","slug":"das-vereinsleben","status":"publish","type":"page","link":"http:\/\/aeroclub-klippeneck.de\/wp\/?page_id=110","title":{"rendered":"Das Vereinsleben"},"content":{"rendered":"<p><a href=\"http:\/\/aeroclub-klippeneck.de\/wp\/wp-content\/uploads\/2015\/09\/flugzeugstarts.jpg\"><img loading=\"lazy\" decoding=\"async\" class=\"size-medium wp-image-86 alignright\" src=\"http:\/\/aeroclub-klippeneck.de\/wp\/wp-content\/uploads\/2015\/09\/flugzeugstarts-300x199.jpg\" alt=\"flugzeugstarts\" width=\"300\" height=\"199\" \/><\/a>Nat\u00fcrlich widmen wir uns haupts\u00e4chlich dem Flugsport:<br \/>\nUnser Flugbetrieb findet vom Fr\u00fchling bis zum Herbst an den Wochenenden und Feiertagen statt. Es beginnt morgens mit dem gemeinsamen Ausr\u00e4umen der Flugzeuge aus der Halle und endet abends, wenn die Flugzeuge geputzt und in die Halle gerollt werden.<\/p>\n<p>&nbsp;<\/p>\n<p><a href=\"http:\/\/aeroclub-klippeneck.de\/wp\/wp-content\/uploads\/2015\/09\/nach-Regen.jpg\"><img loading=\"lazy\" decoding=\"async\" class=\"size-medium wp-image-499 alignleft\" src=\"http:\/\/aeroclub-klippeneck.de\/wp\/wp-content\/uploads\/2015\/09\/nach-Regen-300x199.jpg\" alt=\"nach-Regen\" width=\"300\" height=\"199\" srcset=\"http:\/\/aeroclub-klippeneck.de\/wp\/wp-content\/uploads\/2015\/09\/nach-Regen-300x199.jpg 300w, http:\/\/aeroclub-klippeneck.de\/wp\/wp-content\/uploads\/2015\/09\/nach-Regen-1024x681.jpg 1024w, http:\/\/aeroclub-klippeneck.de\/wp\/wp-content\/uploads\/2015\/09\/nach-Regen.jpg 2048w\" sizes=\"auto, (max-width: 300px) 100vw, 300px\" \/><\/a>W\u00e4hrend die Flugsch\u00fcler den Tag zu Fl\u00fcgen in Flugplatzn\u00e4he unter Aufsicht des Fluglehrers n\u00fctzen, fliegen die anderen Piloten meist vom Flugplatz weg und versuchen, eine vorher festgelegte Strecke (z.B. ein 300-km-Dreieck) zu fliegen.\u00a0Dabei werden die Wendepunkte mit einem GPS-Ger\u00e4t dokumentiert, und der Pilot kann sich diese Strecke dann in einer Meisterschaft anrechnen lassen.<\/p>\n<p><strong>Doch auch, wenn wir nicht fliegen, wird es nicht langweilig:<\/strong><\/p>\n<p><a href=\"http:\/\/aeroclub-klippeneck.de\/wp\/wp-content\/uploads\/2015\/09\/IMG_0206.jpg\"><img loading=\"lazy\" decoding=\"async\" class=\"size-medium wp-image-495 alignleft\" src=\"http:\/\/aeroclub-klippeneck.de\/wp\/wp-content\/uploads\/2015\/09\/IMG_0206-300x200.jpg\" alt=\"IMG_0206\" width=\"300\" height=\"200\" srcset=\"http:\/\/aeroclub-klippeneck.de\/wp\/wp-content\/uploads\/2015\/09\/IMG_0206-300x200.jpg 300w, http:\/\/aeroclub-klippeneck.de\/wp\/wp-content\/uploads\/2015\/09\/IMG_0206-1024x683.jpg 1024w\" sizes=\"auto, (max-width: 300px) 100vw, 300px\" \/><\/a>Im Winter sind wir in unserer Werkstatt in Rottweil t\u00e4tig, um die Flugzeuge wieder auf die n\u00e4chste Saison vorzubereiten. Doch auch w\u00e4hrend der Flugsaison fallen Arbeiten in der Werkstatt und am Flugplatz an.<\/p>\n<p>&nbsp;<\/p>\n<p>&nbsp;<\/p>\n<p>&nbsp;<\/p>\n<p><a href=\"http:\/\/aeroclub-klippeneck.de\/wp\/wp-content\/uploads\/2015\/09\/Wildsauessen.jpg\"><img loading=\"lazy\" decoding=\"async\" class=\"size-medium wp-image-489 alignleft\" src=\"http:\/\/aeroclub-klippeneck.de\/wp\/wp-content\/uploads\/2015\/09\/Wildsauessen-300x225.jpg\" alt=\"Wildsauessen\" width=\"300\" height=\"225\" srcset=\"http:\/\/aeroclub-klippeneck.de\/wp\/wp-content\/uploads\/2015\/09\/Wildsauessen-300x225.jpg 300w, http:\/\/aeroclub-klippeneck.de\/wp\/wp-content\/uploads\/2015\/09\/Wildsauessen-1024x768.jpg 1024w, http:\/\/aeroclub-klippeneck.de\/wp\/wp-content\/uploads\/2015\/09\/Wildsauessen-258x194.jpg 258w, http:\/\/aeroclub-klippeneck.de\/wp\/wp-content\/uploads\/2015\/09\/Wildsauessen-70x53.jpg 70w, http:\/\/aeroclub-klippeneck.de\/wp\/wp-content\/uploads\/2015\/09\/Wildsauessen.jpg 1096w\" sizes=\"auto, (max-width: 300px) 100vw, 300px\" \/><\/a><\/p>\n<p>Nicht zuletzt bedeutet Fliegen im Verein auch Freundschaft und Geselligkeit.<\/p>\n<p>Nach dem Flugbetrieb grillen wir oft abends zusammen\u00a0oder\u00a0sitzen gem\u00fctlich beieinander.<\/p>\n<p>&nbsp;<\/p>\n<p><a href=\"http:\/\/aeroclub-klippeneck.de\/wp\/wp-content\/uploads\/2015\/09\/nach-dem-Fliegen.jpg\"><img loading=\"lazy\" decoding=\"async\" class=\"size-medium wp-image-492 alignright\" src=\"http:\/\/aeroclub-klippeneck.de\/wp\/wp-content\/uploads\/2015\/09\/nach-dem-Fliegen-300x225.jpg\" alt=\"nach-dem-Fliegen\" width=\"300\" height=\"225\" srcset=\"http:\/\/aeroclub-klippeneck.de\/wp\/wp-content\/uploads\/2015\/09\/nach-dem-Fliegen-300x225.jpg 300w, http:\/\/aeroclub-klippeneck.de\/wp\/wp-content\/uploads\/2015\/09\/nach-dem-Fliegen-1024x768.jpg 1024w, http:\/\/aeroclub-klippeneck.de\/wp\/wp-content\/uploads\/2015\/09\/nach-dem-Fliegen-258x194.jpg 258w, http:\/\/aeroclub-klippeneck.de\/wp\/wp-content\/uploads\/2015\/09\/nach-dem-Fliegen-70x53.jpg 70w, http:\/\/aeroclub-klippeneck.de\/wp\/wp-content\/uploads\/2015\/09\/nach-dem-Fliegen.jpg 1096w\" sizes=\"auto, (max-width: 300px) 100vw, 300px\" \/><\/a><\/p>\n","protected":false},"excerpt":{"rendered":"<p>Nat\u00fcrlich widmen wir uns haupts\u00e4chlich dem Flugsport: Unser Flugbetrieb findet vom Fr\u00fchling bis zum Herbst an den Wochenenden und Feiertagen statt. Es beginnt morgens mit dem gemeinsamen Ausr\u00e4umen der Flugzeuge aus der Halle und endet abends, wenn die Flugzeuge geputzt und in die Halle gerollt werden. &nbsp; W\u00e4hrend die Flugsch\u00fcler den Tag zu Fl\u00fcgen in Flugplatzn\u00e4he unter Aufsicht des Fluglehrers n\u00fctzen, fliegen die anderen Piloten meist vom Flugplatz weg und versuchen, eine vorher festgelegte Strecke (z.B. ein 300-km-Dreieck) zu fliegen.\u00a0Dabei werden die Wendepunkte mit einem GPS-Ger\u00e4t dokumentiert, und der Pilot kann sich diese Strecke dann in einer Meisterschaft anrechnen lassen. Doch auch, wenn wir nicht fliegen, wird es nicht langweilig: Im Winter sind wir in unserer Werkstatt in Rottweil t\u00e4tig, um die Flugzeuge wieder auf die n\u00e4chste Saison vorzubereiten. Doch auch w\u00e4hrend der Flugsaison fallen Arbeiten in der Werkstatt und am Flugplatz an. &nbsp; &nbsp; &nbsp; Nicht zuletzt bedeutet Fliegen im Verein auch Freundschaft und Geselligkeit. Nach dem Flugbetrieb grillen wir oft abends zusammen\u00a0oder\u00a0sitzen gem\u00fctlich beieinander. &nbsp;<\/p>\n","protected":false},"author":1,"featured_media":0,"parent":9,"menu_order":0,"comment_status":"closed","ping_status":"closed","template":"","meta":{"footnotes":""},"class_list":["post-110","page","type-page","status-publish","hentry"],"_links":{"self":[{"href":"http:\/\/aeroclub-klippeneck.de\/wp\/index.php?rest_route=\/wp\/v2\/pages\/110","targetHints":{"allow":["GET"]}}],"collection":[{"href":"http:\/\/aeroclub-klippeneck.de\/wp\/index.php?rest_route=\/wp\/v2\/pages"}],"about":[{"href":"http:\/\/aeroclub-klippeneck.de\/wp\/index.php?rest_route=\/wp\/v2\/types\/page"}],"author":[{"embeddable":true,"href":"http:\/\/aeroclub-klippeneck.de\/wp\/index.php?rest_route=\/wp\/v2\/users\/1"}],"replies":[{"embeddable":true,"href":"http:\/\/aeroclub-klippeneck.de\/wp\/index.php?rest_route=%2Fwp%2Fv2%2Fcomments&post=110"}],"version-history":[{"count":16,"href":"http:\/\/aeroclub-klippeneck.de\/wp\/index.php?rest_route=\/wp\/v2\/pages\/110\/revisions"}],"predecessor-version":[{"id":1414,"href":"http:\/\/aeroclub-klippeneck.de\/wp\/index.php?rest_route=\/wp\/v2\/pages\/110\/revisions\/1414"}],"up":[{"embeddable":true,"href":"http:\/\/aeroclub-klippeneck.de\/wp\/index.php?rest_route=\/wp\/v2\/pages\/9"}],"wp:attachment":[{"href":"http:\/\/aeroclub-klippeneck.de\/wp\/index.php?rest_route=%2Fwp%2Fv2%2Fmedia&parent=110"}],"curies":[{"name":"wp","href":"https:\/\/api.w.org\/{rel}","templated":true}]}}