{"id":15,"date":"2015-09-15T08:20:28","date_gmt":"2015-09-15T08:20:28","guid":{"rendered":"http:\/\/aeroclub-klippeneck.de\/wp\/?page_id=15"},"modified":"2023-04-04T10:21:39","modified_gmt":"2023-04-04T08:21:39","slug":"unsere-flugzeuge","status":"publish","type":"page","link":"http:\/\/aeroclub-klippeneck.de\/wp\/?page_id=15","title":{"rendered":"Die Flugzeuge"},"content":{"rendered":"<p><a href=\"http:\/\/aeroclub-klippeneck.de\/wp\/wp-content\/uploads\/2015\/09\/landung_Klippeneck_ASK21.jpg\"><img loading=\"lazy\" decoding=\"async\" class=\"size-medium wp-image-79 alignright\" src=\"http:\/\/aeroclub-klippeneck.de\/wp\/wp-content\/uploads\/2015\/09\/landung_Klippeneck_ASK21-300x200.jpg\" alt=\"landung_Klippeneck_ASK21\" width=\"300\" height=\"200\" \/><\/a>Unser\u00a0 Schulflugzeug &#8222;AD&#8220; ist eine <strong>ASK21<\/strong>. Durch die sehr gutm\u00fctigen und ausgewogenen Flugeigenschaften ist die ASK21 nicht nur in der Schulung beliebt, auch zum &#8222;Nur-so-aus-Spass&#8220; Fliegen und f\u00fcr Gastfl\u00fcge wird sie gerne genutzt. Ausserdem wird sie gerne im Kunstflug eingesetzt, denn dieses Flugzeug fliegt auch gut, wenn das Rad nach oben zeigt. Die zul\u00e4ssigen Lastvielfachen von +6,5\/-4g lassen fast alles zu was man abseits des Wettbewerbskunstfluges w\u00fcnscht.<\/p>\n<p><a href=\"http:\/\/aeroclub-klippeneck.de\/wp\/wp-content\/uploads\/2015\/09\/flugzeug_DuoDiscus.jpg\"><img loading=\"lazy\" decoding=\"async\" class=\"size-medium wp-image-90 alignleft\" src=\"http:\/\/aeroclub-klippeneck.de\/wp\/wp-content\/uploads\/2015\/09\/flugzeug_DuoDiscus-300x177.jpg\" alt=\"flugzeug_DuoDiscus\" width=\"300\" height=\"177\" srcset=\"http:\/\/aeroclub-klippeneck.de\/wp\/wp-content\/uploads\/2015\/09\/flugzeug_DuoDiscus-300x177.jpg 300w, http:\/\/aeroclub-klippeneck.de\/wp\/wp-content\/uploads\/2015\/09\/flugzeug_DuoDiscus.jpg 400w\" sizes=\"auto, (max-width: 300px) 100vw, 300px\" \/><\/a>Unser <strong>Duo Discus<\/strong> &#8222;RC&#8220; ist ein zweisitziges Hochleistungssegelflugzeug der Firma Schempp-Hirth Flugzeugbau GmbH. Mit seinem Gleitverh\u00e4ltnis von 44 zu 1 (d.h. aus 1000 m H\u00f6he erzielt man 44 km Strecke) sind entspannte Fl\u00fcge \u00fcber die Schw\u00e4bische Alb, den Schwarzwald und noch weiter m\u00f6glich. Die zul\u00e4ssige H\u00f6chstgeschwindigkeit betr\u00e4gt ca. 250 km\/h, wobei im \u00dcberlandflug in der Praxis Geschwindigkeiten von 80-160 km\/h geflogen werden. \u00a0Die besondere Ausgewogenheit der Steuerung, sowie die angenehm leise Ger\u00e4uschkulisse in diesem Flugzeug machen Fl\u00fcge von mehreren Stunden zum besonderen Erlebnis.<\/p>\n<p><a href=\"http:\/\/aeroclub-klippeneck.de\/wp\/wp-content\/uploads\/2015\/09\/flugzeug_Discus_D-KMWD.jpg\"><img loading=\"lazy\" decoding=\"async\" class=\"size-medium wp-image-92 alignright\" src=\"http:\/\/aeroclub-klippeneck.de\/wp\/wp-content\/uploads\/2015\/09\/flugzeug_Discus_D-KMWD-300x238.jpg\" alt=\"flugzeug_Discus_D-KMWD\" width=\"300\" height=\"238\" srcset=\"http:\/\/aeroclub-klippeneck.de\/wp\/wp-content\/uploads\/2015\/09\/flugzeug_Discus_D-KMWD-300x238.jpg 300w, http:\/\/aeroclub-klippeneck.de\/wp\/wp-content\/uploads\/2015\/09\/flugzeug_Discus_D-KMWD.jpg 400w\" sizes=\"auto, (max-width: 300px) 100vw, 300px\" \/><\/a>Unsere 2 einsitzigen Flugzeuge vom Typ <strong>Discus bT<\/strong> \u00a0mit den Wettbewerbskennzeichen &#8222;BT&#8220; und &#8222;WD&#8220; bieten den aus dem Duo Discus bekannten Komfort und \u00e4hnliche Streckenflugleistungen. Diese Modelle sind mit einem ausfahrbaren Hilfsmotor ausgestattet, der bei nachlassender Thermik die Option auf ein unabh\u00e4ngiges Fliegen zum n\u00e4chsten Flugplatz oder gar zum Heimatflugplatz erlaubt.<\/p>\n<p><a href=\"http:\/\/aeroclub-klippeneck.de\/wp\/wp-content\/uploads\/2015\/09\/taurus_1_k.jpg\"><img loading=\"lazy\" decoding=\"async\" class=\"size-medium wp-image-76 alignright\" src=\"http:\/\/aeroclub-klippeneck.de\/wp\/wp-content\/uploads\/2015\/09\/taurus_1_k-300x131.jpg\" alt=\"taurus_1_k\" width=\"300\" height=\"131\" srcset=\"http:\/\/aeroclub-klippeneck.de\/wp\/wp-content\/uploads\/2015\/09\/taurus_1_k-300x131.jpg 300w, http:\/\/aeroclub-klippeneck.de\/wp\/wp-content\/uploads\/2015\/09\/taurus_1_k.jpg 670w\" sizes=\"auto, (max-width: 300px) 100vw, 300px\" \/><\/a>Ultraleichtes Segelfliegen erm\u00f6glicht unser neuestes Flugzeug im Bestand: Der <strong>Taurus<\/strong>. Als eines der wenigen Segelflugzeuge mit nebeneinander angeordneten Piloten\/Co-Piloten-Sitzen sind hier Segelfl\u00fcge im Eigenstart m\u00f6glich. Auch unterwegs kann der Motor zur Unterst\u00fctzung der Thermik und als Heimkehrhilfe eingesetzt werden. F\u00fcr die unabh\u00e4ngige Schulung an Wochentagen oder nach Flugbetrieb bietet sich dieses Flugzeug ebenfalls an.<\/p>\n<p><a href=\"http:\/\/aeroclub-klippeneck.de\/wp\/wp-content\/uploads\/2015\/09\/LS4-2.jpg\"><img loading=\"lazy\" decoding=\"async\" class=\"size-medium wp-image-87 alignright\" src=\"http:\/\/aeroclub-klippeneck.de\/wp\/wp-content\/uploads\/2015\/09\/LS4-2-300x226.jpg\" alt=\"flugzeug_LS4\" width=\"300\" height=\"204\" \/><\/a>Unser einsitziges Segelflugzeug vom Typ <strong>LS4<\/strong>\u00a0ist\u00a0 ideal f\u00fcr unsere j\u00fcngeren Segelflugpiloten: eine ideale Kombination zwischen \u00dcbungsflugzeug und Leistungssegelflugzeug.<\/p>\n<p><a href=\"http:\/\/aeroclub-klippeneck.de\/wp\/wp-content\/uploads\/2015\/09\/SF25.jpg\"><img loading=\"lazy\" decoding=\"async\" class=\"size-medium wp-image-87 alignleft\" src=\"http:\/\/aeroclub-klippeneck.de\/wp\/wp-content\/uploads\/2015\/09\/SF25-300x225.jpg\" alt=\"flugzeug_SF25\" width=\"300\" height=\"204\" \/><\/a><\/p>\n<p>Unseren Motorsegler <strong>SF25<\/strong> Falke betreiben wir gemeinsam mit der Fluggruppe Trossingen, die ebenfalls auf dem Klippeneck beheimatet ist.<\/p>\n","protected":false},"excerpt":{"rendered":"<p>Unser\u00a0 Schulflugzeug &#8222;AD&#8220; ist eine ASK21. Durch die sehr gutm\u00fctigen und ausgewogenen Flugeigenschaften ist die ASK21 nicht nur in der Schulung beliebt, auch zum &#8222;Nur-so-aus-Spass&#8220; Fliegen und f\u00fcr Gastfl\u00fcge wird sie gerne genutzt. Ausserdem wird sie gerne im Kunstflug eingesetzt, denn dieses Flugzeug fliegt auch gut, wenn das Rad nach oben zeigt. Die zul\u00e4ssigen Lastvielfachen von +6,5\/-4g lassen fast alles zu was man abseits des Wettbewerbskunstfluges w\u00fcnscht. Unser Duo Discus &#8222;RC&#8220; ist ein zweisitziges Hochleistungssegelflugzeug der Firma Schempp-Hirth Flugzeugbau GmbH. Mit seinem Gleitverh\u00e4ltnis von 44 zu 1 (d.h. aus 1000 m H\u00f6he erzielt man 44 km Strecke) sind entspannte Fl\u00fcge \u00fcber die Schw\u00e4bische Alb, den Schwarzwald und noch weiter m\u00f6glich. Die zul\u00e4ssige H\u00f6chstgeschwindigkeit betr\u00e4gt ca. 250 km\/h, wobei im \u00dcberlandflug in der Praxis Geschwindigkeiten von 80-160 km\/h geflogen werden. \u00a0Die besondere Ausgewogenheit der Steuerung, sowie die angenehm leise Ger\u00e4uschkulisse in diesem Flugzeug machen Fl\u00fcge von mehreren Stunden zum besonderen Erlebnis. Unsere 2 einsitzigen Flugzeuge vom Typ Discus bT \u00a0mit den Wettbewerbskennzeichen &#8222;BT&#8220; und &#8222;WD&#8220; bieten den aus dem Duo Discus bekannten Komfort und \u00e4hnliche Streckenflugleistungen. Diese Modelle sind mit einem ausfahrbaren Hilfsmotor ausgestattet, der bei nachlassender Thermik die Option auf ein unabh\u00e4ngiges Fliegen zum n\u00e4chsten Flugplatz oder gar zum Heimatflugplatz [&#8230;]<\/p>\n","protected":false},"author":1,"featured_media":0,"parent":9,"menu_order":1,"comment_status":"closed","ping_status":"closed","template":"","meta":{"footnotes":""},"class_list":["post-15","page","type-page","status-publish","hentry"],"_links":{"self":[{"href":"http:\/\/aeroclub-klippeneck.de\/wp\/index.php?rest_route=\/wp\/v2\/pages\/15","targetHints":{"allow":["GET"]}}],"collection":[{"href":"http:\/\/aeroclub-klippeneck.de\/wp\/index.php?rest_route=\/wp\/v2\/pages"}],"about":[{"href":"http:\/\/aeroclub-klippeneck.de\/wp\/index.php?rest_route=\/wp\/v2\/types\/page"}],"author":[{"embeddable":true,"href":"http:\/\/aeroclub-klippeneck.de\/wp\/index.php?rest_route=\/wp\/v2\/users\/1"}],"replies":[{"embeddable":true,"href":"http:\/\/aeroclub-klippeneck.de\/wp\/index.php?rest_route=%2Fwp%2Fv2%2Fcomments&post=15"}],"version-history":[{"count":45,"href":"http:\/\/aeroclub-klippeneck.de\/wp\/index.php?rest_route=\/wp\/v2\/pages\/15\/revisions"}],"predecessor-version":[{"id":1708,"href":"http:\/\/aeroclub-klippeneck.de\/wp\/index.php?rest_route=\/wp\/v2\/pages\/15\/revisions\/1708"}],"up":[{"embeddable":true,"href":"http:\/\/aeroclub-klippeneck.de\/wp\/index.php?rest_route=\/wp\/v2\/pages\/9"}],"wp:attachment":[{"href":"http:\/\/aeroclub-klippeneck.de\/wp\/index.php?rest_route=%2Fwp%2Fv2%2Fmedia&parent=15"}],"curies":[{"name":"wp","href":"https:\/\/api.w.org\/{rel}","templated":true}]}}