{"id":17,"date":"2015-09-15T08:21:06","date_gmt":"2015-09-15T08:21:06","guid":{"rendered":"http:\/\/aeroclub-klippeneck.de\/wp\/?page_id=17"},"modified":"2021-07-13T18:07:14","modified_gmt":"2021-07-13T16:07:14","slug":"vereinsgeschichte","status":"publish","type":"page","link":"http:\/\/aeroclub-klippeneck.de\/wp\/?page_id=17","title":{"rendered":"Vereinsgeschichte"},"content":{"rendered":"<p>Die Geschichte des Aeroclub Klippeneck e.V. ist eine Geschichte der Kooperation.<\/p>\n<p>Im Jahre 1928 wurde der Sportfliegerclub Rottweil gegr\u00fcndet.<\/p>\n<p>Der Sportfliegerclub &#8222;Balgo&#8220; (Balingen\/Albstadt\/Gosheim) ist ebenfalls seit dem Jahre 1928 aktiv.<\/p>\n<p>Seit 1961 gibt es die &#8222;Flugsportgruppe Oberndorf am Neckar&#8220;.<\/p>\n<p>Ebenfalls im Jahr 1961 wurde der Anfang der 50er Jahre gegr\u00fcndete &#8222;Sportfliegerclub Tuttlingen&#8220; als e.V. eingetragen.<\/p>\n<p>Allen Vereinen war gemeinsam, dass sie als Flugsportvereine ihr Hobby ganz oder zum Teil auf dem Klippeneck aus\u00fcbten. So schlossen sich zuerst die 3 Vereine &#8222;Flugsportgruppe Oberndorf am Neckar&#8220;, &#8222;Sportfliegerclub Balgo&#8220; und &#8222;Sportfliegerclub Rottweil&#8220; nach einer Erprobungsphase von 2001-2003 zum Aero-Club ROBA e.V. zusammen.<\/p>\n<p>Dieses Erfolgsmodell wurde im Jahr 2014 durch eine Zusammenlegung mit dem &#8222;Sportfliegerclub Tuttlingen e.V.&#8220; zum<\/p>\n<p><strong>\u00a0Aero-Club Klippeneck e.V., Klippeneck 7, 78588 Denkingen<\/strong><\/p>\n<p>fortgesetzt.<\/p>\n<p><a href=\"http:\/\/aeroclub-klippeneck.de\/wp\/wp-content\/uploads\/2015\/09\/Vereinsfusion-Roba-TUT.jpg\"><img loading=\"lazy\" decoding=\"async\" class=\"size-medium wp-image-488 alignleft\" src=\"http:\/\/aeroclub-klippeneck.de\/wp\/wp-content\/uploads\/2015\/09\/Vereinsfusion-Roba-TUT-300x200.jpg\" alt=\"Vereinsfusion-Roba-TUT\" width=\"300\" height=\"200\" srcset=\"http:\/\/aeroclub-klippeneck.de\/wp\/wp-content\/uploads\/2015\/09\/Vereinsfusion-Roba-TUT-300x200.jpg 300w, http:\/\/aeroclub-klippeneck.de\/wp\/wp-content\/uploads\/2015\/09\/Vereinsfusion-Roba-TUT-1024x681.jpg 1024w, http:\/\/aeroclub-klippeneck.de\/wp\/wp-content\/uploads\/2015\/09\/Vereinsfusion-Roba-TUT.jpg 1236w\" sizes=\"auto, (max-width: 300px) 100vw, 300px\" \/><\/a><\/p>\n<p>Mit etwas mehr als 100 Mitgliedern, davon ca. 50 aktiven Piloten und einem Flugzeugpark von 10 Flugzeugen bietet der Aero-Club Klippeneck seinen Mitgliedern und Freunden vielseitige M\u00f6glichkeiten, den Flugsport mit dem Segelflugzeug, Motorsegelflugzeug oder Ultraleichtflugzeug zu entdecken und auszu\u00fcben.<br \/>\n<a href=\"http:\/\/www.swp.de\/hechingen\/lokales\/zollernalbkreis\/Segelflugvereine-fusionieren;art5616,3134686\" target=\"_blank\" rel=\"noopener\">Die S\u00fcdwestpresse berichtete dar\u00fcber.<\/a><\/p>\n","protected":false},"excerpt":{"rendered":"<p>Die Geschichte des Aeroclub Klippeneck e.V. ist eine Geschichte der Kooperation. Im Jahre 1928 wurde der Sportfliegerclub Rottweil gegr\u00fcndet. Der Sportfliegerclub &#8222;Balgo&#8220; (Balingen\/Albstadt\/Gosheim) ist ebenfalls seit dem Jahre 1928 aktiv. Seit 1961 gibt es die &#8222;Flugsportgruppe Oberndorf am Neckar&#8220;. Ebenfalls im Jahr 1961 wurde der Anfang der 50er Jahre gegr\u00fcndete &#8222;Sportfliegerclub Tuttlingen&#8220; als e.V. eingetragen. Allen Vereinen war gemeinsam, dass sie als Flugsportvereine ihr Hobby ganz oder zum Teil auf dem Klippeneck aus\u00fcbten. So schlossen sich zuerst die 3 Vereine &#8222;Flugsportgruppe Oberndorf am Neckar&#8220;, &#8222;Sportfliegerclub Balgo&#8220; und &#8222;Sportfliegerclub Rottweil&#8220; nach einer Erprobungsphase von 2001-2003 zum Aero-Club ROBA e.V. zusammen. Dieses Erfolgsmodell wurde im Jahr 2014 durch eine Zusammenlegung mit dem &#8222;Sportfliegerclub Tuttlingen e.V.&#8220; zum \u00a0Aero-Club Klippeneck e.V., Klippeneck 7, 78588 Denkingen fortgesetzt. Mit etwas mehr als 100 Mitgliedern, davon ca. 50 aktiven Piloten und einem Flugzeugpark von 10 Flugzeugen bietet der Aero-Club Klippeneck seinen Mitgliedern und Freunden vielseitige M\u00f6glichkeiten, den Flugsport mit dem Segelflugzeug, Motorsegelflugzeug oder Ultraleichtflugzeug zu entdecken und auszu\u00fcben. Die S\u00fcdwestpresse berichtete dar\u00fcber.<\/p>\n","protected":false},"author":1,"featured_media":0,"parent":9,"menu_order":3,"comment_status":"closed","ping_status":"closed","template":"","meta":{"footnotes":""},"class_list":["post-17","page","type-page","status-publish","hentry"],"_links":{"self":[{"href":"http:\/\/aeroclub-klippeneck.de\/wp\/index.php?rest_route=\/wp\/v2\/pages\/17","targetHints":{"allow":["GET"]}}],"collection":[{"href":"http:\/\/aeroclub-klippeneck.de\/wp\/index.php?rest_route=\/wp\/v2\/pages"}],"about":[{"href":"http:\/\/aeroclub-klippeneck.de\/wp\/index.php?rest_route=\/wp\/v2\/types\/page"}],"author":[{"embeddable":true,"href":"http:\/\/aeroclub-klippeneck.de\/wp\/index.php?rest_route=\/wp\/v2\/users\/1"}],"replies":[{"embeddable":true,"href":"http:\/\/aeroclub-klippeneck.de\/wp\/index.php?rest_route=%2Fwp%2Fv2%2Fcomments&post=17"}],"version-history":[{"count":10,"href":"http:\/\/aeroclub-klippeneck.de\/wp\/index.php?rest_route=\/wp\/v2\/pages\/17\/revisions"}],"predecessor-version":[{"id":1566,"href":"http:\/\/aeroclub-klippeneck.de\/wp\/index.php?rest_route=\/wp\/v2\/pages\/17\/revisions\/1566"}],"up":[{"embeddable":true,"href":"http:\/\/aeroclub-klippeneck.de\/wp\/index.php?rest_route=\/wp\/v2\/pages\/9"}],"wp:attachment":[{"href":"http:\/\/aeroclub-klippeneck.de\/wp\/index.php?rest_route=%2Fwp%2Fv2%2Fmedia&parent=17"}],"curies":[{"name":"wp","href":"https:\/\/api.w.org\/{rel}","templated":true}]}}