{"id":1861,"date":"2026-03-26T11:16:03","date_gmt":"2026-03-26T10:16:03","guid":{"rendered":"http:\/\/aeroclub-klippeneck.de\/wp\/?page_id=1861"},"modified":"2026-04-08T21:34:42","modified_gmt":"2026-04-08T19:34:42","slug":"gemeinsamer-arbeitseinsatz-zum-saisonstart-2026","status":"publish","type":"page","link":"http:\/\/aeroclub-klippeneck.de\/wp\/?page_id=1861","title":{"rendered":"Gemeinsamer Arbeitseinsatz zum Saisonstart 2026"},"content":{"rendered":"\n<p><strong>Tatkr\u00e4ftiger Einsatz f\u00fcr die Flugzeuge \u2013 Gemeinsames Aufbereiten und Reparieren<\/strong><\/p>\n\n\n\n<p>Am Samstag, den 21. M\u00e4rz 2026, traf sich der Aero-Club Klippeneck (ACK) in der Fliegerhalle zu einem gemeinsamen Arbeitseinsatz. Ziel war es, zwei Segelflugzeuge gr\u00fcndlich aufzubereiten: den Duo Discus D-4799 des ACK und den Duo Discus D-0710 der Fluggruppe Trossingen. 13 motivierte Mitglieder \u2013 darunter auch einige neue Gesichter \u2013 packten mit an und sorgten f\u00fcr einen erfolgreichen Tag.<\/p>\n\n\n\n<p><strong>Arbeitsumfang und Highlights<\/strong><\/p>\n\n\n\n<ul class=\"wp-block-list\">\n<li>Reinigung und Pflege: Beide Flugzeuge wurden gewaschen, poliert und gewachst, um sie f\u00fcr die neue Saison fit zu machen.<\/li>\n\n\n\n<li>Kleinere Reparaturen: Neben der optischen Aufbereitung wurden auch kleinere technische Arbeiten durchgef\u00fchrt.<\/li>\n\n\n\n<li>Teamgeist: Besonders erfreulich war die rege Beteiligung, vor allem der neuen Mitglieder, die sich einbrachten.<\/li>\n\n\n\n<li>Weitere Aktion: Christoph und Chips erneuerten vorab den Windsack auf dem Hummelsberg, bevor die Arbeiten in der Halle begannen.<\/li>\n<\/ul>\n\n\n\n<p><strong>Ablauf<\/strong><br>Der Einsatz startete p\u00fcnktlich um 10:00 Uhr und konnte gegen 17:00 Uhr erfolgreich abgeschlossen werden. Nach getaner Arbeit trafen sich alle in der H\u00fctte Klippeneck, um sich bei einem gem\u00fctlichen Beisammensein aufzuw\u00e4rmen. Bei gutem Essen und angeregten Gespr\u00e4chen lie\u00df die Gemeinschaft den Tag gemeinsam ausklingen \u2013 ein perfekter Ausklang f\u00fcr einen produktiven Arbeitseinsatz!<\/p>\n\n\n\n<p><strong>Fazit<\/strong><br>Ein gelungener Tag, der nicht nur die Flugzeuge in Top-Zustand versetzte, sondern auch den Zusammenhalt im Verein st\u00e4rkte. Ein herzliches Dankesch\u00f6n an alle Helferinnen und Helfer \u2013 wir freuen uns auf die n\u00e4chste gemeinsame Aktion!<\/p>\n\n\n\n<figure class=\"wp-block-gallery has-nested-images columns-default is-cropped wp-block-gallery-1 is-layout-flex wp-block-gallery-is-layout-flex\">\n<figure class=\"wp-block-image size-large is-style-default\"><a href=\"http:\/\/aeroclub-klippeneck.de\/wp\/wp-content\/uploads\/2026\/03\/IMG_4254-scaled.jpg\"><img loading=\"lazy\" decoding=\"async\" width=\"768\" height=\"1024\" data-id=\"1873\" src=\"http:\/\/aeroclub-klippeneck.de\/wp\/wp-content\/uploads\/2026\/03\/IMG_4254-768x1024.jpg\" alt=\"\" class=\"wp-image-1873\" srcset=\"http:\/\/aeroclub-klippeneck.de\/wp\/wp-content\/uploads\/2026\/03\/IMG_4254-768x1024.jpg 768w, http:\/\/aeroclub-klippeneck.de\/wp\/wp-content\/uploads\/2026\/03\/IMG_4254-225x300.jpg 225w, http:\/\/aeroclub-klippeneck.de\/wp\/wp-content\/uploads\/2026\/03\/IMG_4254-1152x1536.jpg 1152w, http:\/\/aeroclub-klippeneck.de\/wp\/wp-content\/uploads\/2026\/03\/IMG_4254-1536x2048.jpg 1536w, http:\/\/aeroclub-klippeneck.de\/wp\/wp-content\/uploads\/2026\/03\/IMG_4254-scaled.jpg 1920w\" sizes=\"auto, (max-width: 768px) 100vw, 768px\" \/><\/a><\/figure>\n\n\n\n<figure class=\"wp-block-image size-large\"><a href=\"http:\/\/aeroclub-klippeneck.de\/wp\/wp-content\/uploads\/2026\/03\/IMG_4243-scaled.jpg\"><img loading=\"lazy\" decoding=\"async\" width=\"1024\" height=\"768\" data-id=\"1872\" src=\"http:\/\/aeroclub-klippeneck.de\/wp\/wp-content\/uploads\/2026\/03\/IMG_4243-1024x768.jpg\" alt=\"\" class=\"wp-image-1872\" srcset=\"http:\/\/aeroclub-klippeneck.de\/wp\/wp-content\/uploads\/2026\/03\/IMG_4243-1024x768.jpg 1024w, http:\/\/aeroclub-klippeneck.de\/wp\/wp-content\/uploads\/2026\/03\/IMG_4243-300x225.jpg 300w, http:\/\/aeroclub-klippeneck.de\/wp\/wp-content\/uploads\/2026\/03\/IMG_4243-768x576.jpg 768w, http:\/\/aeroclub-klippeneck.de\/wp\/wp-content\/uploads\/2026\/03\/IMG_4243-1536x1152.jpg 1536w, http:\/\/aeroclub-klippeneck.de\/wp\/wp-content\/uploads\/2026\/03\/IMG_4243-2048x1536.jpg 2048w, http:\/\/aeroclub-klippeneck.de\/wp\/wp-content\/uploads\/2026\/03\/IMG_4243-258x194.jpg 258w, http:\/\/aeroclub-klippeneck.de\/wp\/wp-content\/uploads\/2026\/03\/IMG_4243-70x53.jpg 70w\" sizes=\"auto, (max-width: 1024px) 100vw, 1024px\" \/><\/a><\/figure>\n\n\n\n<figure class=\"wp-block-image size-large\"><a href=\"http:\/\/aeroclub-klippeneck.de\/wp\/wp-content\/uploads\/2026\/03\/IMG_4236-scaled.jpg\"><img loading=\"lazy\" decoding=\"async\" width=\"768\" height=\"1024\" data-id=\"1871\" src=\"http:\/\/aeroclub-klippeneck.de\/wp\/wp-content\/uploads\/2026\/03\/IMG_4236-768x1024.jpg\" alt=\"\" class=\"wp-image-1871\" srcset=\"http:\/\/aeroclub-klippeneck.de\/wp\/wp-content\/uploads\/2026\/03\/IMG_4236-768x1024.jpg 768w, http:\/\/aeroclub-klippeneck.de\/wp\/wp-content\/uploads\/2026\/03\/IMG_4236-225x300.jpg 225w, http:\/\/aeroclub-klippeneck.de\/wp\/wp-content\/uploads\/2026\/03\/IMG_4236-1152x1536.jpg 1152w, http:\/\/aeroclub-klippeneck.de\/wp\/wp-content\/uploads\/2026\/03\/IMG_4236-1536x2048.jpg 1536w, http:\/\/aeroclub-klippeneck.de\/wp\/wp-content\/uploads\/2026\/03\/IMG_4236-scaled.jpg 1920w\" sizes=\"auto, (max-width: 768px) 100vw, 768px\" \/><\/a><\/figure>\n\n\n\n<figure class=\"wp-block-image size-large\"><a href=\"http:\/\/aeroclub-klippeneck.de\/wp\/wp-content\/uploads\/2026\/03\/IMG_4272-scaled.jpg\"><img loading=\"lazy\" decoding=\"async\" width=\"1024\" height=\"768\" data-id=\"1870\" src=\"http:\/\/aeroclub-klippeneck.de\/wp\/wp-content\/uploads\/2026\/03\/IMG_4272-1024x768.jpg\" alt=\"\" class=\"wp-image-1870\" srcset=\"http:\/\/aeroclub-klippeneck.de\/wp\/wp-content\/uploads\/2026\/03\/IMG_4272-1024x768.jpg 1024w, http:\/\/aeroclub-klippeneck.de\/wp\/wp-content\/uploads\/2026\/03\/IMG_4272-300x225.jpg 300w, http:\/\/aeroclub-klippeneck.de\/wp\/wp-content\/uploads\/2026\/03\/IMG_4272-768x576.jpg 768w, http:\/\/aeroclub-klippeneck.de\/wp\/wp-content\/uploads\/2026\/03\/IMG_4272-1536x1152.jpg 1536w, http:\/\/aeroclub-klippeneck.de\/wp\/wp-content\/uploads\/2026\/03\/IMG_4272-2048x1536.jpg 2048w, http:\/\/aeroclub-klippeneck.de\/wp\/wp-content\/uploads\/2026\/03\/IMG_4272-258x194.jpg 258w, http:\/\/aeroclub-klippeneck.de\/wp\/wp-content\/uploads\/2026\/03\/IMG_4272-70x53.jpg 70w\" sizes=\"auto, (max-width: 1024px) 100vw, 1024px\" \/><\/a><\/figure>\n\n\n\n<figure class=\"wp-block-image size-large\"><a href=\"http:\/\/aeroclub-klippeneck.de\/wp\/wp-content\/uploads\/2026\/03\/IMG_4264-scaled.jpg\"><img loading=\"lazy\" decoding=\"async\" width=\"1024\" height=\"768\" data-id=\"1869\" src=\"http:\/\/aeroclub-klippeneck.de\/wp\/wp-content\/uploads\/2026\/03\/IMG_4264-1024x768.jpg\" alt=\"\" class=\"wp-image-1869\" srcset=\"http:\/\/aeroclub-klippeneck.de\/wp\/wp-content\/uploads\/2026\/03\/IMG_4264-1024x768.jpg 1024w, http:\/\/aeroclub-klippeneck.de\/wp\/wp-content\/uploads\/2026\/03\/IMG_4264-300x225.jpg 300w, http:\/\/aeroclub-klippeneck.de\/wp\/wp-content\/uploads\/2026\/03\/IMG_4264-768x576.jpg 768w, http:\/\/aeroclub-klippeneck.de\/wp\/wp-content\/uploads\/2026\/03\/IMG_4264-1536x1152.jpg 1536w, http:\/\/aeroclub-klippeneck.de\/wp\/wp-content\/uploads\/2026\/03\/IMG_4264-2048x1536.jpg 2048w, http:\/\/aeroclub-klippeneck.de\/wp\/wp-content\/uploads\/2026\/03\/IMG_4264-258x194.jpg 258w, http:\/\/aeroclub-klippeneck.de\/wp\/wp-content\/uploads\/2026\/03\/IMG_4264-70x53.jpg 70w\" sizes=\"auto, (max-width: 1024px) 100vw, 1024px\" \/><\/a><\/figure>\n\n\n\n<figure class=\"wp-block-image size-large\"><a href=\"http:\/\/aeroclub-klippeneck.de\/wp\/wp-content\/uploads\/2026\/03\/IMG_4274-scaled.jpg\"><img loading=\"lazy\" decoding=\"async\" width=\"768\" height=\"1024\" data-id=\"1868\" src=\"http:\/\/aeroclub-klippeneck.de\/wp\/wp-content\/uploads\/2026\/03\/IMG_4274-768x1024.jpg\" alt=\"\" class=\"wp-image-1868\" srcset=\"http:\/\/aeroclub-klippeneck.de\/wp\/wp-content\/uploads\/2026\/03\/IMG_4274-768x1024.jpg 768w, http:\/\/aeroclub-klippeneck.de\/wp\/wp-content\/uploads\/2026\/03\/IMG_4274-225x300.jpg 225w, http:\/\/aeroclub-klippeneck.de\/wp\/wp-content\/uploads\/2026\/03\/IMG_4274-1152x1536.jpg 1152w, http:\/\/aeroclub-klippeneck.de\/wp\/wp-content\/uploads\/2026\/03\/IMG_4274-1536x2048.jpg 1536w, http:\/\/aeroclub-klippeneck.de\/wp\/wp-content\/uploads\/2026\/03\/IMG_4274-scaled.jpg 1920w\" sizes=\"auto, (max-width: 768px) 100vw, 768px\" \/><\/a><\/figure>\n<\/figure>\n","protected":false},"excerpt":{"rendered":"<p>Tatkr\u00e4ftiger Einsatz f\u00fcr die Flugzeuge \u2013 Gemeinsames Aufbereiten und Reparieren Am Samstag, den 21. M\u00e4rz 2026, traf sich der Aero-Club Klippeneck (ACK) in der Fliegerhalle zu einem gemeinsamen Arbeitseinsatz. Ziel war es, zwei Segelflugzeuge gr\u00fcndlich aufzubereiten: den Duo Discus D-4799 des ACK und den Duo Discus D-0710 der Fluggruppe Trossingen. 13 motivierte Mitglieder \u2013 darunter auch einige neue Gesichter \u2013 packten mit an und sorgten f\u00fcr einen erfolgreichen Tag. Arbeitsumfang und Highlights Reinigung und Pflege: Beide Flugzeuge wurden gewaschen, poliert und gewachst, um sie f\u00fcr die neue Saison fit zu machen. Kleinere Reparaturen: Neben der optischen Aufbereitung wurden auch kleinere technische Arbeiten durchgef\u00fchrt. Teamgeist: Besonders erfreulich war die rege Beteiligung, vor allem der neuen Mitglieder, die sich einbrachten. Weitere Aktion: Christoph und Chips erneuerten vorab den Windsack auf dem Hummelsberg, bevor die Arbeiten in der Halle begannen. AblaufDer Einsatz startete p\u00fcnktlich um 10:00 Uhr und konnte gegen 17:00 Uhr erfolgreich abgeschlossen werden. Nach getaner Arbeit trafen sich alle in der H\u00fctte Klippeneck, um sich bei einem gem\u00fctlichen Beisammensein aufzuw\u00e4rmen. Bei gutem Essen und angeregten Gespr\u00e4chen lie\u00df die Gemeinschaft den Tag gemeinsam ausklingen \u2013 ein perfekter Ausklang f\u00fcr einen produktiven Arbeitseinsatz! FazitEin gelungener Tag, der nicht nur die Flugzeuge in Top-Zustand [&#8230;]<\/p>\n","protected":false},"author":4,"featured_media":0,"parent":25,"menu_order":0,"comment_status":"closed","ping_status":"closed","template":"","meta":{"footnotes":""},"class_list":["post-1861","page","type-page","status-publish","hentry"],"_links":{"self":[{"href":"http:\/\/aeroclub-klippeneck.de\/wp\/index.php?rest_route=\/wp\/v2\/pages\/1861","targetHints":{"allow":["GET"]}}],"collection":[{"href":"http:\/\/aeroclub-klippeneck.de\/wp\/index.php?rest_route=\/wp\/v2\/pages"}],"about":[{"href":"http:\/\/aeroclub-klippeneck.de\/wp\/index.php?rest_route=\/wp\/v2\/types\/page"}],"author":[{"embeddable":true,"href":"http:\/\/aeroclub-klippeneck.de\/wp\/index.php?rest_route=\/wp\/v2\/users\/4"}],"replies":[{"embeddable":true,"href":"http:\/\/aeroclub-klippeneck.de\/wp\/index.php?rest_route=%2Fwp%2Fv2%2Fcomments&post=1861"}],"version-history":[{"count":7,"href":"http:\/\/aeroclub-klippeneck.de\/wp\/index.php?rest_route=\/wp\/v2\/pages\/1861\/revisions"}],"predecessor-version":[{"id":1888,"href":"http:\/\/aeroclub-klippeneck.de\/wp\/index.php?rest_route=\/wp\/v2\/pages\/1861\/revisions\/1888"}],"up":[{"embeddable":true,"href":"http:\/\/aeroclub-klippeneck.de\/wp\/index.php?rest_route=\/wp\/v2\/pages\/25"}],"wp:attachment":[{"href":"http:\/\/aeroclub-klippeneck.de\/wp\/index.php?rest_route=%2Fwp%2Fv2%2Fmedia&parent=1861"}],"curies":[{"name":"wp","href":"https:\/\/api.w.org\/{rel}","templated":true}]}}