{"id":409,"date":"2015-11-22T16:02:10","date_gmt":"2015-11-22T15:02:10","guid":{"rendered":"http:\/\/aeroclub-klippeneck.de\/wp\/?page_id=409"},"modified":"2017-03-24T11:34:33","modified_gmt":"2017-03-24T10:34:33","slug":"aeroclub-klippeneck-e-v-und-die-arge-klippeneck-trauern-um-horst-bader","status":"publish","type":"page","link":"http:\/\/aeroclub-klippeneck.de\/wp\/?page_id=409","title":{"rendered":"Klippeneck trauert um Horst Bader"},"content":{"rendered":"<p><strong>Aeroclub Klippeneck e.V. und die ARGE Klippeneck trauern um Horst Bader<br \/>\n<\/strong>29. August 2015<\/p>\n<p><a href=\"http:\/\/aeroclub-klippeneck.de\/wp\/wp-content\/uploads\/2015\/11\/Portrait-Horst-Bader.jpg\"><img loading=\"lazy\" decoding=\"async\" class=\"alignnone size-medium wp-image-414\" src=\"http:\/\/aeroclub-klippeneck.de\/wp\/wp-content\/uploads\/2015\/11\/Portrait-Horst-Bader-300x203.jpg\" alt=\"Portrait Horst Bader\" width=\"300\" height=\"203\" srcset=\"http:\/\/aeroclub-klippeneck.de\/wp\/wp-content\/uploads\/2015\/11\/Portrait-Horst-Bader-300x203.jpg 300w, http:\/\/aeroclub-klippeneck.de\/wp\/wp-content\/uploads\/2015\/11\/Portrait-Horst-Bader-1024x693.jpg 1024w, http:\/\/aeroclub-klippeneck.de\/wp\/wp-content\/uploads\/2015\/11\/Portrait-Horst-Bader.jpg 1316w\" sizes=\"auto, (max-width: 300px) 100vw, 300px\" \/><\/a><\/p>\n<p><span style=\"color: #000000;\"><span style=\"font-family: 'Helvetica Neue Light', serif;\"><span style=\"font-size: small;\"><span style=\"font-size: medium;\"><span lang=\"de-DE\">Seit 1957 war Horst Bader Mitglied im SFC Rottweil. Er <\/span><\/span><span style=\"font-size: medium;\"><span lang=\"de-DE\">\u00fc<\/span><\/span><span style=\"font-size: medium;\"><span lang=\"de-DE\">bernahm die Posten des 1.und 2. Vorstands, war als Beisitzer t<\/span><\/span><span style=\"font-size: medium;\"><span lang=\"de-DE\">\u00e4<\/span><\/span><span style=\"font-size: medium;\"><span lang=\"de-DE\">tig und als Fluglehrer an der Ausbildung vieler Flugsch<\/span><\/span><span style=\"font-size: medium;\"><span lang=\"de-DE\">\u00fc<\/span><\/span><span style=\"font-size: medium;\"><span lang=\"de-DE\">ler beteiligt. Mit seiner zupackenden und hilfsbereiten Art hat er seine Vereinskameraden und Mitmenschen leicht f<\/span><\/span><span style=\"font-size: medium;\"><span lang=\"de-DE\">\u00fc<\/span><\/span><span style=\"font-size: medium;\"><span lang=\"de-DE\">r sich eingenommen. Er zeigte sich zukunftsorientiert und offen f<\/span><\/span><span style=\"font-size: medium;\"><span lang=\"de-DE\">\u00fc<\/span><\/span><span style=\"font-size: medium;\"><span lang=\"de-DE\">r Ver<\/span><\/span><span style=\"font-size: medium;\"><span lang=\"de-DE\">\u00e4<\/span><\/span><span style=\"font-size: medium;\"><span lang=\"de-DE\">nderungen, vor allem beim Zusammenschluss der Rottweiler, Oberndorfer und Balinger Segelflieger zum Aeroclub ROBA und zuletzt bei der Fusion mit dem SFC Tuttlingen zum Aeroclub Klippeneck gezeigt. <\/span><\/span><\/span><\/span><\/span><\/p>\n<p><span style=\"color: #000000;\"><span style=\"font-family: 'Helvetica Neue Light', serif;\"><span style=\"font-size: small;\"><span style=\"font-size: medium;\"><span lang=\"de-DE\">Horst war stets ein verantwortungsbewusster und begeisterter Pilot. Nicht nur als erfolgreicher Segelflieger, sondern auch im Motorflug und nicht zuletzt als Kunstflieger konnte er auf ein langes und gro\u00dfes Fliegerleben zur\u00fcckschauen. Immer war er gerne bereit sein Wissen und K\u00f6nnen in den Dienst der Fliegerei zu stellen und es weiterzugeben. Als Fluglehrer und auf langen Streckenfl\u00fcgen, die er oft in Begleitung von Fliegerkameraden bew\u00e4ltigte war das f\u00fcr ihn selbstverst\u00e4ndlich.<\/span><\/span><\/span><\/span><\/span><\/p>\n<p>&nbsp;<\/p>\n","protected":false},"excerpt":{"rendered":"<p>Aeroclub Klippeneck e.V. und die ARGE Klippeneck trauern um Horst Bader 29. August 2015 Seit 1957 war Horst Bader Mitglied im SFC Rottweil. Er \u00fcbernahm die Posten des 1.und 2. Vorstands, war als Beisitzer t\u00e4tig und als Fluglehrer an der Ausbildung vieler Flugsch\u00fcler beteiligt. Mit seiner zupackenden und hilfsbereiten Art hat er seine Vereinskameraden und Mitmenschen leicht f\u00fcr sich eingenommen. Er zeigte sich zukunftsorientiert und offen f\u00fcr Ver\u00e4nderungen, vor allem beim Zusammenschluss der Rottweiler, Oberndorfer und Balinger Segelflieger zum Aeroclub ROBA und zuletzt bei der Fusion mit dem SFC Tuttlingen zum Aeroclub Klippeneck gezeigt. Horst war stets ein verantwortungsbewusster und begeisterter Pilot. Nicht nur als erfolgreicher Segelflieger, sondern auch im Motorflug und nicht zuletzt als Kunstflieger konnte er auf ein langes und gro\u00dfes Fliegerleben zur\u00fcckschauen. Immer war er gerne bereit sein Wissen und K\u00f6nnen in den Dienst der Fliegerei zu stellen und es weiterzugeben. Als Fluglehrer und auf langen Streckenfl\u00fcgen, die er oft in Begleitung von Fliegerkameraden bew\u00e4ltigte war das f\u00fcr ihn selbstverst\u00e4ndlich. &nbsp;<\/p>\n","protected":false},"author":5,"featured_media":0,"parent":25,"menu_order":7,"comment_status":"closed","ping_status":"closed","template":"","meta":{"footnotes":""},"class_list":["post-409","page","type-page","status-publish","hentry"],"_links":{"self":[{"href":"http:\/\/aeroclub-klippeneck.de\/wp\/index.php?rest_route=\/wp\/v2\/pages\/409","targetHints":{"allow":["GET"]}}],"collection":[{"href":"http:\/\/aeroclub-klippeneck.de\/wp\/index.php?rest_route=\/wp\/v2\/pages"}],"about":[{"href":"http:\/\/aeroclub-klippeneck.de\/wp\/index.php?rest_route=\/wp\/v2\/types\/page"}],"author":[{"embeddable":true,"href":"http:\/\/aeroclub-klippeneck.de\/wp\/index.php?rest_route=\/wp\/v2\/users\/5"}],"replies":[{"embeddable":true,"href":"http:\/\/aeroclub-klippeneck.de\/wp\/index.php?rest_route=%2Fwp%2Fv2%2Fcomments&post=409"}],"version-history":[{"count":5,"href":"http:\/\/aeroclub-klippeneck.de\/wp\/index.php?rest_route=\/wp\/v2\/pages\/409\/revisions"}],"predecessor-version":[{"id":424,"href":"http:\/\/aeroclub-klippeneck.de\/wp\/index.php?rest_route=\/wp\/v2\/pages\/409\/revisions\/424"}],"up":[{"embeddable":true,"href":"http:\/\/aeroclub-klippeneck.de\/wp\/index.php?rest_route=\/wp\/v2\/pages\/25"}],"wp:attachment":[{"href":"http:\/\/aeroclub-klippeneck.de\/wp\/index.php?rest_route=%2Fwp%2Fv2%2Fmedia&parent=409"}],"curies":[{"name":"wp","href":"https:\/\/api.w.org\/{rel}","templated":true}]}}