{"id":5,"date":"2015-09-15T08:17:15","date_gmt":"2015-09-15T06:17:15","guid":{"rendered":"http:\/\/aeroclub-klippeneck.de\/wp\/?page_id=5"},"modified":"2024-10-24T12:01:43","modified_gmt":"2024-10-24T10:01:43","slug":"startseite","status":"publish","type":"page","link":"http:\/\/aeroclub-klippeneck.de\/wp\/","title":{"rendered":"Startseite"},"content":{"rendered":"<p><b><a href=\"http:\/\/aeroclub-klippeneck.de\/wp\/wp-content\/uploads\/2015\/09\/Ueberflug-mit-Wasser.jpg\"><br \/>\n<img loading=\"lazy\" decoding=\"async\" class=\"aligncenter wp-image-506 size-full\" src=\"http:\/\/aeroclub-klippeneck.de\/wp\/wp-content\/uploads\/2015\/09\/Ueberflug-mit-Wasser.jpg\" alt=\"Ueberflug mit Wasser\" width=\"980\" height=\"350\" srcset=\"http:\/\/aeroclub-klippeneck.de\/wp\/wp-content\/uploads\/2015\/09\/Ueberflug-mit-Wasser.jpg 980w, http:\/\/aeroclub-klippeneck.de\/wp\/wp-content\/uploads\/2015\/09\/Ueberflug-mit-Wasser-300x107.jpg 300w\" sizes=\"auto, (max-width: 980px) 100vw, 980px\" \/><\/a><br \/>\n<\/b><\/p>\n<h2 style=\"text-align: left;\"><a href=\"https:\/\/www.facebook.com\/ACKlippeneck\/\" target=\"_blank\" rel=\"noopener noreferrer\"><img loading=\"lazy\" decoding=\"async\" class=\"wp-image-1125 alignleft\" src=\"http:\/\/aeroclub-klippeneck.de\/wp\/wp-content\/uploads\/2015\/09\/facebook-logo.png\" alt=\"\" width=\"58\" height=\"58\" \/><\/a><\/h2>\n<h2 style=\"text-align: left;\"><\/h2>\n<h2><b>Segelfliegen\u00a0<\/b><\/h2>\n<h3 style=\"text-align: left;\"><b>&#8230;\u00a0<\/b>dieser lautlose und faszinierende Sport wird vom <strong>Aero-Club Klippeneck<\/strong> ausge\u00fcbt.<\/h3>\n<p>Wir betreiben das Segelfliegen auf dem <a href=\"https:\/\/de.wikipedia.org\/wiki\/Segelfluggel%C3%A4nde_Klippeneck\" target=\"_blank\" rel=\"noopener noreferrer\">Segelfluggel\u00e4nde Klippeneck<\/a> bei Denkingen.<\/p>\n<p><span style=\"color: #ff0000;\"><strong>Infos zum Klippeneck f\u00fcr Piloten<\/strong><\/span>\u00a0findet ihr auf der Webseite der\u00a0<a href=\"https:\/\/www.klippeneck.de\/f%C3%BCr-piloten\/\">ARGE Klippeneck e.V.<\/a><\/p>\n<p><a href=\"http:\/\/aeroclub-klippeneck.de\/wp\/wp-content\/uploads\/2018\/01\/ACK-Flyer.pdf\" target=\"_blank\" rel=\"noopener\">Unser Flyer erkl\u00e4rt wie &#8222;Der Traum vom Fliegen&#8230;&#8220; zur Wirklichkeit werden kann.<\/a><\/p>\n<p><a href=\"http:\/\/aeroclub-klippeneck.de\/wp\/wp-content\/uploads\/2015\/09\/Morb-Schlepp.jpg\"><img loading=\"lazy\" decoding=\"async\" class=\"size-medium wp-image-504 alignleft\" src=\"http:\/\/aeroclub-klippeneck.de\/wp\/wp-content\/uploads\/2015\/09\/Morb-Schlepp-300x225.jpg\" alt=\"Morb-Schlepp\" width=\"300\" height=\"225\" srcset=\"http:\/\/aeroclub-klippeneck.de\/wp\/wp-content\/uploads\/2015\/09\/Morb-Schlepp-300x225.jpg 300w, http:\/\/aeroclub-klippeneck.de\/wp\/wp-content\/uploads\/2015\/09\/Morb-Schlepp-258x194.jpg 258w, http:\/\/aeroclub-klippeneck.de\/wp\/wp-content\/uploads\/2015\/09\/Morb-Schlepp-70x53.jpg 70w, http:\/\/aeroclub-klippeneck.de\/wp\/wp-content\/uploads\/2015\/09\/Morb-Schlepp.jpg 1000w\" sizes=\"auto, (max-width: 300px) 100vw, 300px\" \/><\/a><\/p>\n<p>Au\u00dfer mit Segelflugzeugen fliegen wir in unserem Verein auch mit Motorsegler und Ultraleicht-Flugzeugen, die man auch im Flugzeugschleppstart als Schleppflugzeuge benutzen kann.<\/p>\n<p style=\"text-align: justify;\"><a href=\"http:\/\/aeroclub-klippeneck.de\/wp\/wp-content\/uploads\/2015\/09\/RC.jpg\"><img loading=\"lazy\" decoding=\"async\" class=\"size-medium wp-image-505 alignright\" src=\"http:\/\/aeroclub-klippeneck.de\/wp\/wp-content\/uploads\/2015\/09\/RC-300x225.jpg\" alt=\"RC\" width=\"300\" height=\"225\" srcset=\"http:\/\/aeroclub-klippeneck.de\/wp\/wp-content\/uploads\/2015\/09\/RC-300x225.jpg 300w, http:\/\/aeroclub-klippeneck.de\/wp\/wp-content\/uploads\/2015\/09\/RC-1024x768.jpg 1024w, http:\/\/aeroclub-klippeneck.de\/wp\/wp-content\/uploads\/2015\/09\/RC-258x194.jpg 258w, http:\/\/aeroclub-klippeneck.de\/wp\/wp-content\/uploads\/2015\/09\/RC-70x53.jpg 70w, http:\/\/aeroclub-klippeneck.de\/wp\/wp-content\/uploads\/2015\/09\/RC.jpg 2048w\" sizes=\"auto, (max-width: 300px) 100vw, 300px\" \/><\/a>Wenn es in unseren Flugbetrieb rein passt, nehmen wir auch mal Flugg\u00e4ste im Motorsegler und im Ultraleicht-Flugzeug mit. So k\u00f6nnen Einheimische und Urlauber die Schw\u00e4bische Alb, den Bodensee oder den Schwarzwald von oben erleben.<\/p>\n<p style=\"text-align: justify;\">Unseren tollen Sport mit all seinen Facetten pr\u00e4sentieren wir hier auf unserer Vereins-Homepage. Laufend kommen neue Inhalte hinzu &#8211; regelm\u00e4\u00dfiges Vorbeischauen lohnt also!\u00a0<a href=\"http:\/\/aeroclub-klippeneck.de\/wp\/wp-content\/uploads\/2015\/09\/Kopie-von-Taurus_2_k.jpg\"><img loading=\"lazy\" decoding=\"async\" class=\"size-medium wp-image-96 alignleft\" src=\"http:\/\/aeroclub-klippeneck.de\/wp\/wp-content\/uploads\/2015\/09\/Kopie-von-Taurus_2_k-300x200.jpg\" alt=\"Kopie von Taurus_2_k\" width=\"300\" height=\"200\" srcset=\"http:\/\/aeroclub-klippeneck.de\/wp\/wp-content\/uploads\/2015\/09\/Kopie-von-Taurus_2_k-300x200.jpg 300w, http:\/\/aeroclub-klippeneck.de\/wp\/wp-content\/uploads\/2015\/09\/Kopie-von-Taurus_2_k.jpg 670w\" sizes=\"auto, (max-width: 300px) 100vw, 300px\" \/><\/a><\/p>\n<p style=\"text-align: justify;\">Wenn Sie Interesse am Segelfliegen haben bzw. Segelfliegen lernen wollen, dann nehmen Sie bitte mit uns <a href=\"http:\/\/aeroclub-klippeneck.de\/wp\/?page_id=7\">Kontakt<\/a> auf. Wir informieren Sie gerne!<\/p>\n<p><strong>\u00dcbrigens:<\/strong> <span style=\"text-decoration: underline;\">Segelfliegen kann man bereits mit 14 Jahren beginnen<\/span> &#8211; und es ist ein Sport, der gleicherma\u00dfen f\u00fcr M\u00e4dchen als auch Jungen geeignet ist!<\/p>\n","protected":false},"excerpt":{"rendered":"<p>Segelfliegen\u00a0 &#8230;\u00a0dieser lautlose und faszinierende Sport wird vom Aero-Club Klippeneck ausge\u00fcbt. Wir betreiben das Segelfliegen auf dem Segelfluggel\u00e4nde Klippeneck bei Denkingen. Infos zum Klippeneck f\u00fcr Piloten\u00a0findet ihr auf der Webseite der\u00a0ARGE Klippeneck e.V. Unser Flyer erkl\u00e4rt wie &#8222;Der Traum vom Fliegen&#8230;&#8220; zur Wirklichkeit werden kann. Au\u00dfer mit Segelflugzeugen fliegen wir in unserem Verein auch mit Motorsegler und Ultraleicht-Flugzeugen, die man auch im Flugzeugschleppstart als Schleppflugzeuge benutzen kann. Wenn es in unseren Flugbetrieb rein passt, nehmen wir auch mal Flugg\u00e4ste im Motorsegler und im Ultraleicht-Flugzeug mit. So k\u00f6nnen Einheimische und Urlauber die Schw\u00e4bische Alb, den Bodensee oder den Schwarzwald von oben erleben. Unseren tollen Sport mit all seinen Facetten pr\u00e4sentieren wir hier auf unserer Vereins-Homepage. Laufend kommen neue Inhalte hinzu &#8211; regelm\u00e4\u00dfiges Vorbeischauen lohnt also!\u00a0 Wenn Sie Interesse am Segelfliegen haben bzw. Segelfliegen lernen wollen, dann nehmen Sie bitte mit uns Kontakt auf. Wir informieren Sie gerne! \u00dcbrigens: Segelfliegen kann man bereits mit 14 Jahren beginnen &#8211; und es ist ein Sport, der gleicherma\u00dfen f\u00fcr M\u00e4dchen als auch Jungen geeignet ist!<\/p>\n","protected":false},"author":1,"featured_media":0,"parent":0,"menu_order":0,"comment_status":"closed","ping_status":"closed","template":"","meta":{"footnotes":""},"class_list":["post-5","page","type-page","status-publish","hentry"],"_links":{"self":[{"href":"http:\/\/aeroclub-klippeneck.de\/wp\/index.php?rest_route=\/wp\/v2\/pages\/5","targetHints":{"allow":["GET"]}}],"collection":[{"href":"http:\/\/aeroclub-klippeneck.de\/wp\/index.php?rest_route=\/wp\/v2\/pages"}],"about":[{"href":"http:\/\/aeroclub-klippeneck.de\/wp\/index.php?rest_route=\/wp\/v2\/types\/page"}],"author":[{"embeddable":true,"href":"http:\/\/aeroclub-klippeneck.de\/wp\/index.php?rest_route=\/wp\/v2\/users\/1"}],"replies":[{"embeddable":true,"href":"http:\/\/aeroclub-klippeneck.de\/wp\/index.php?rest_route=%2Fwp%2Fv2%2Fcomments&post=5"}],"version-history":[{"count":105,"href":"http:\/\/aeroclub-klippeneck.de\/wp\/index.php?rest_route=\/wp\/v2\/pages\/5\/revisions"}],"predecessor-version":[{"id":1856,"href":"http:\/\/aeroclub-klippeneck.de\/wp\/index.php?rest_route=\/wp\/v2\/pages\/5\/revisions\/1856"}],"wp:attachment":[{"href":"http:\/\/aeroclub-klippeneck.de\/wp\/index.php?rest_route=%2Fwp%2Fv2%2Fmedia&parent=5"}],"curies":[{"name":"wp","href":"https:\/\/api.w.org\/{rel}","templated":true}]}}