{"id":646,"date":"2016-02-21T15:19:49","date_gmt":"2016-02-21T14:19:49","guid":{"rendered":"http:\/\/aeroclub-klippeneck.de\/wp\/?page_id=646"},"modified":"2017-03-24T11:34:33","modified_gmt":"2017-03-24T10:34:33","slug":"nachruf-marcus-planer","status":"publish","type":"page","link":"http:\/\/aeroclub-klippeneck.de\/wp\/?page_id=646","title":{"rendered":"Nachruf Marcus Planer"},"content":{"rendered":"<p><strong>Nachruf\u00a0Marcus Planer und Caren Planer<\/strong><\/p>\n<p>Lieber Marcus \u2013 wo bist Du hin?<br \/>\nWo ist unser Pilot?<br \/>\nWo ist vielleicht DER Pilot vom Klippeneck?<br \/>\nDiese Fragen stellen auch wir uns, wir \u2013 die Mitglieder vom Aeroclub Klippeneck und die dort\u00a0fliegenden Piloten.<\/p>\n<p>Zeugen deiner faszinierenden Fliegerkarriere h\u00e4ngen in Form unz\u00e4hliger Orden und<br \/>\nAbzeichen sowie Bilder in deinem Treppenhaus.<\/p>\n<p>Doch trotz all dieser au\u00dfergew\u00f6hnlichen Leistungen hast Du Dich nie mit Stolz darauf<br \/>\nberufen, sondern sie bescheiden Demjenigen gezeigt, der Dich direkt danach gefragt hat.<\/p>\n<p>Drum ist es auch nicht der erfolgreiche Phantom-Pilot den wir vermissen, sondern der Typ,\u00a0der mit einem alten Passat, zerzausten Haaren und einer mindestens zehnmal geflickten\u00a0Jeans aufs Klippeneck kommt.<\/p>\n<p>Dort warst Du neben deiner T\u00e4tigkeit als Vorstand und Fluglehrer n\u00e4mlich vor allem eines:<br \/>\nein\u00a0herzensguter Kamerad.<\/p>\n<p>Wir Piloten vom Klippeneck und den vielen weiteren Flugpl\u00e4tzen dieser Welt wo Du zuhause\u00a0warst verlieren NICHT einen weiteren Piloten, sondern einen echten Flieger.<\/p>\n<p>Technisch und mechanisch ein Flugzeug zu fliegen ist das Eine \u2013 letztendlich ist es aber das\u00a0Gef\u00fchl und der Charakter, die den wahren Flieger ausmachen.<\/p>\n<p>In deinem Fall kommt dazu noch ein starker Willen, der sich auch in anderen Bereichen,\u00a0denen dein Interesse galt, gezeigt hat.<\/p>\n<p>Als Langstreckenl\u00e4ufer hast Du \u00fcber Jahre hinweg an \u00e4u\u00dferst anspruchsvollen Wettk\u00e4mpfen\u00a0teilgenommen.\u00a0Beim Training zu einem dieser L\u00e4ufe bist Du mir mal auf der Laufstrecke begegnet und hast\u00a0mir nur aus dem Vorbeirennen zugerufen: \u201eIch muss schnell heim \u2013 da vorne kommt\u00a0schlechtes Wetter!\u201c<\/p>\n<p>Du hast das schlechte Wetter nicht gemocht.<\/p>\n<p>Beim Wettkampf vier Wochen sp\u00e4ter haben \u00e4u\u00dferst schlechte Wetterbedingungen einiges\u00a0von Dir abverlangt.\u00a0Ich erinnere mich an die Bilder, wie Du im str\u00f6menden Regen in hochalpinem Gel\u00e4nde\u00a0gek\u00e4mpft, durchgehalten und es erfolgreich ins Ziel geschafft hast.<\/p>\n<p>Am Ungl\u00fcckstag gab es auch schlechtes Wetter.<\/p>\n<p>Ich bin mir aber sicher, Du hast mindestens genauso, wenn nicht noch viel, viel mehr f\u00fcr Dich\u00a0und Caren gek\u00e4mpft.<\/p>\n<p>___________________________________________________________________________<\/p>\n<p>Liebe Caren \u2013 dein Vater hat ein Seil vorne an dein Kinderfahrrad gebunden und das andere\u00a0Ende hinten an seinem Rennrad befestigt.\u00a0Damit hat er Dich den steilen Weg aufs Klippeneck hinaufgezogen.\u00a0Oben angekommen hattest Du so viel Energie, dass Du wie wild und ohne Pause am Start\u00a0herumgerannt bist.<br \/>\nSelbst bei v\u00f6lliger Windstille warst Du unser kleiner \u201eWirbelwind\u201c.<\/p>\n<p>Wir vermissen Dich und\u00a0werden Dich nicht vergessen.<\/p>\n<p>Dir Marcus noch ein Zitat vom franz\u00f6sischen Schriftsteller und Flieger Antoine de Saint-<br \/>\nExup\u00e9ry.\u00a0In seinen Notizheften, den \u201eCarnets\u201c schreibt er:<br \/>\n\u201eG\u00f6ttlichkeit dr\u00fcckt sich aus in dem Einzelnen,\u00a0der dem Durchschnittsgeschmack zuwiderhandelt.\u201c<\/p>\n<p>Macht\u00b4s gut!<\/p>\n<p>Jeremy A. Paxson im Dezember 2015<\/p>\n","protected":false},"excerpt":{"rendered":"<p>Nachruf\u00a0Marcus Planer und Caren Planer Lieber Marcus \u2013 wo bist Du hin? Wo ist unser Pilot? Wo ist vielleicht DER Pilot vom Klippeneck? Diese Fragen stellen auch wir uns, wir \u2013 die Mitglieder vom Aeroclub Klippeneck und die dort\u00a0fliegenden Piloten. Zeugen deiner faszinierenden Fliegerkarriere h\u00e4ngen in Form unz\u00e4hliger Orden und Abzeichen sowie Bilder in deinem Treppenhaus. Doch trotz all dieser au\u00dfergew\u00f6hnlichen Leistungen hast Du Dich nie mit Stolz darauf berufen, sondern sie bescheiden Demjenigen gezeigt, der Dich direkt danach gefragt hat. Drum ist es auch nicht der erfolgreiche Phantom-Pilot den wir vermissen, sondern der Typ,\u00a0der mit einem alten Passat, zerzausten Haaren und einer mindestens zehnmal geflickten\u00a0Jeans aufs Klippeneck kommt. Dort warst Du neben deiner T\u00e4tigkeit als Vorstand und Fluglehrer n\u00e4mlich vor allem eines: ein\u00a0herzensguter Kamerad. Wir Piloten vom Klippeneck und den vielen weiteren Flugpl\u00e4tzen dieser Welt wo Du zuhause\u00a0warst verlieren NICHT einen weiteren Piloten, sondern einen echten Flieger. Technisch und mechanisch ein Flugzeug zu fliegen ist das Eine \u2013 letztendlich ist es aber das\u00a0Gef\u00fchl und der Charakter, die den wahren Flieger ausmachen. In deinem Fall kommt dazu noch ein starker Willen, der sich auch in anderen Bereichen,\u00a0denen dein Interesse galt, gezeigt hat. Als Langstreckenl\u00e4ufer hast Du \u00fcber Jahre hinweg an [&#8230;]<\/p>\n","protected":false},"author":4,"featured_media":0,"parent":25,"menu_order":4,"comment_status":"closed","ping_status":"closed","template":"","meta":{"footnotes":""},"class_list":["post-646","page","type-page","status-publish","hentry"],"_links":{"self":[{"href":"http:\/\/aeroclub-klippeneck.de\/wp\/index.php?rest_route=\/wp\/v2\/pages\/646","targetHints":{"allow":["GET"]}}],"collection":[{"href":"http:\/\/aeroclub-klippeneck.de\/wp\/index.php?rest_route=\/wp\/v2\/pages"}],"about":[{"href":"http:\/\/aeroclub-klippeneck.de\/wp\/index.php?rest_route=\/wp\/v2\/types\/page"}],"author":[{"embeddable":true,"href":"http:\/\/aeroclub-klippeneck.de\/wp\/index.php?rest_route=\/wp\/v2\/users\/4"}],"replies":[{"embeddable":true,"href":"http:\/\/aeroclub-klippeneck.de\/wp\/index.php?rest_route=%2Fwp%2Fv2%2Fcomments&post=646"}],"version-history":[{"count":5,"href":"http:\/\/aeroclub-klippeneck.de\/wp\/index.php?rest_route=\/wp\/v2\/pages\/646\/revisions"}],"predecessor-version":[{"id":658,"href":"http:\/\/aeroclub-klippeneck.de\/wp\/index.php?rest_route=\/wp\/v2\/pages\/646\/revisions\/658"}],"up":[{"embeddable":true,"href":"http:\/\/aeroclub-klippeneck.de\/wp\/index.php?rest_route=\/wp\/v2\/pages\/25"}],"wp:attachment":[{"href":"http:\/\/aeroclub-klippeneck.de\/wp\/index.php?rest_route=%2Fwp%2Fv2%2Fmedia&parent=646"}],"curies":[{"name":"wp","href":"https:\/\/api.w.org\/{rel}","templated":true}]}}