{"id":836,"date":"2016-07-26T21:29:12","date_gmt":"2016-07-26T19:29:12","guid":{"rendered":"http:\/\/aeroclub-klippeneck.de\/wp\/?page_id=836"},"modified":"2017-03-24T11:34:33","modified_gmt":"2017-03-24T10:34:33","slug":"48-klippeneck-segelflugwettbewerb-2016","status":"publish","type":"page","link":"http:\/\/aeroclub-klippeneck.de\/wp\/?page_id=836","title":{"rendered":"48. Klippeneck-Segelflugwettbewerb (2016)"},"content":{"rendered":"<p>&nbsp;<\/p>\n<p><span style=\"color: #000000;\"><span style=\"font-family: 'Helvetica Neue Light', serif;\"><span style=\"font-size: small;\"><span style=\"font-family: 'Helvetica Neue', serif;\"><span style=\"font-size: x-large;\"><span lang=\"de-DE\"><b>Der international anerkannte <a href=\"http:\/\/www.klippeneck-wb.de\/\" target=\"_blank\">Segelflugwettbewerb<\/a> lockt \u00fcber 90\u00a0Piloten auf das <a href=\"https:\/\/de.wikipedia.org\/wiki\/Segelfluggel%C3%A4nde_Klippeneck\" target=\"_blank\">Segelfluggel\u00e4nde Klippeneck<\/a><\/b><\/span><\/span><\/span><\/span><\/span><\/span><\/p>\n<p><span style=\"color: #000000;\"><span style=\"font-family: 'Helvetica Neue Light', serif;\"><span style=\"font-size: small;\"><span style=\"font-family: 'Helvetica Neue', serif;\"><span style=\"font-size: medium;\"><span lang=\"de-DE\"><b>Bereits zum 48. Mal organisiert die <a href=\"http:\/\/www.klippeneck.de\/\" target=\"_blank\">Arbeitsgemeinschaft der Fliegergruppen auf dem Klippeneck e.V.<\/a> den Klippeneck-Segelflugwettbewerb. 96 Piloten aus Deutschland, der Schweiz, \u00d6sterreich und Italien werden sich in der Woche vom 29. Juli bis zum 6. August im Luftraum \u00fcber der schw\u00e4bischen Alb und dem Schwarzwald in ihrem fliegerischen K\u00f6nnen messen.<\/b><\/span><\/span><\/span><\/span><\/span><\/span><\/p>\n<p><a href=\"http:\/\/aeroclub-klippeneck.de\/wp\/wp-content\/uploads\/2016\/07\/Bild-1.jpg\"><img loading=\"lazy\" decoding=\"async\" class=\" wp-image-837 aligncenter\" src=\"http:\/\/aeroclub-klippeneck.de\/wp\/wp-content\/uploads\/2016\/07\/Bild-1-300x200.jpg\" alt=\"Bild 1\" width=\"497\" height=\"331\" srcset=\"http:\/\/aeroclub-klippeneck.de\/wp\/wp-content\/uploads\/2016\/07\/Bild-1-300x200.jpg 300w, http:\/\/aeroclub-klippeneck.de\/wp\/wp-content\/uploads\/2016\/07\/Bild-1-768x512.jpg 768w, http:\/\/aeroclub-klippeneck.de\/wp\/wp-content\/uploads\/2016\/07\/Bild-1-1024x682.jpg 1024w\" sizes=\"auto, (max-width: 497px) 100vw, 497px\" \/><\/a><\/p>\n<p>&nbsp;<\/p>\n<p><span style=\"color: #000000;\"><span style=\"font-family: 'Helvetica Neue Light', serif;\"><span style=\"font-size: small;\"><span style=\"font-size: medium;\"><span lang=\"de-DE\">Unter den Teilnehmern finden sich elf Piloten aus Klippeneck-ans\u00e4ssigen Vereinen. Gestartete wird in f\u00fcnf Wertungsklassen: 15 Meter-, 18 Meter-, Doppelsitzer-, offene- und Standardklasse. Hierbei werden die Flugzeuge nach ihren Spannweiten und Flugleistungen den einzelnen Klassen zugeordnet. Wenn das Wetter mitspielt, sollten Fl\u00fcge zwischen 200 und 400 Kilometern m\u00f6glich sein, wobei Durchschnittsgeschwindigkeiten von \u00fcber einhundert Stundenkilometern erreicht werden k\u00f6nnen. Die Streckenf\u00fchrung wird f\u00fcr jeden Tag, je nach Wetterlage, neu festgelegt und in einem Briefing den Piloten mitgeteilt. Zust\u00e4ndig f\u00fcr die Streckenplanung ist Gerhard Renner, der zusammen mit Martin Trittler (Wettbewerbsleitung) und Henry Blum (Meteorologie) f\u00fcr den sportlichen Ablauf des Wettbewerbs verantwortlich ist.<\/span><\/span><\/span><\/span><\/span><\/p>\n<p><span style=\"color: #000000;\"> <span style=\"font-family: 'Helvetica Neue Light', serif;\"><span style=\"font-size: small;\"><span style=\"font-size: medium;\"><span lang=\"de-DE\">Bei entsprechendem Wetter wird jeweils ab etwa 11 Uhr gestartet. Die bis zu 75 Segelflugzeuge werden von mehreren Schleppflugzeugen in die Luft gebracht. Nach dem Start sind die Segelflieger ganz auf ihre F\u00e4higkeit, thermische Aufwinde zu finden und die richtige Taktik zu w\u00e4hlen, angewiesen. Der Pilot, der die festgelegte Strecke am schnellsten bew\u00e4ltigt erringt den Tagessieg.<\/span><\/span><\/span><\/span><\/span><\/p>\n<p><span style=\"color: #000000;\"> <span style=\"font-family: 'Helvetica Neue Light', serif;\"><span style=\"font-size: small;\"><span style=\"font-size: medium;\"><span lang=\"de-DE\">Besonders interessant f\u00fcr Zuschauer sind neben den morgendlichen Starts auch die nachmitt\u00e4glichen Ziel\u00fcberfl\u00fcge ab etwa 16-17 Uhr.<\/span><\/span><\/span><\/span><\/span><\/p>\n<p><span style=\"color: #000000;\"> <span style=\"font-family: 'Helvetica Neue Light', serif;\"><span style=\"font-size: small;\"><span style=\"font-size: medium;\"><span lang=\"de-DE\">Im Abendprogramm gibt es am Montag, 01. August um 20 Uhr einen Vortrag von Esther und Wolfgang Schmalz \u00fcber das <a href=\"http:\/\/www.bitterwasser.com\/de.html\" target=\"_blank\">Segelfliegen in Bitterwasser, Namibia<\/a>. Am Dienstag zwischen 19 und 20 Uhr gibt es eine Kunstflug-Vorf\u00fchrung von Thomas Bader in seiner Extra 330.<\/span><\/span><\/span><\/span><\/span><\/p>\n<p><span style=\"color: #000000;\"> <span style=\"font-family: 'Helvetica Neue Light', serif;\"><span style=\"font-size: small;\"><span style=\"font-size: medium;\"><span lang=\"de-DE\">F\u00fcr die Bewirtung sorgen in diesem Jahr zwei professionelle Caterer. Johanna Lef\u00e8vre versorgt die Flieger und Zuschauer mit Steaks, Pommes, Bratwurst und einfachen Nudelgerichten. An manchen Tagen wird auch noch ein Pizza- und ein H\u00e4hnchenwagen das Angebot erweitern.F\u00fcr die Getr\u00e4nke ist Sven Karamanka von der Bulzinger-Brauerei zust\u00e4ndig.<\/span><\/span><\/span><\/span><\/span><\/p>\n<p>&nbsp;<\/p>\n","protected":false},"excerpt":{"rendered":"<p>&nbsp; Der international anerkannte Segelflugwettbewerb lockt \u00fcber 90\u00a0Piloten auf das Segelfluggel\u00e4nde Klippeneck Bereits zum 48. Mal organisiert die Arbeitsgemeinschaft der Fliegergruppen auf dem Klippeneck e.V. den Klippeneck-Segelflugwettbewerb. 96 Piloten aus Deutschland, der Schweiz, \u00d6sterreich und Italien werden sich in der Woche vom 29. Juli bis zum 6. August im Luftraum \u00fcber der schw\u00e4bischen Alb und dem Schwarzwald in ihrem fliegerischen K\u00f6nnen messen. &nbsp; Unter den Teilnehmern finden sich elf Piloten aus Klippeneck-ans\u00e4ssigen Vereinen. Gestartete wird in f\u00fcnf Wertungsklassen: 15 Meter-, 18 Meter-, Doppelsitzer-, offene- und Standardklasse. Hierbei werden die Flugzeuge nach ihren Spannweiten und Flugleistungen den einzelnen Klassen zugeordnet. Wenn das Wetter mitspielt, sollten Fl\u00fcge zwischen 200 und 400 Kilometern m\u00f6glich sein, wobei Durchschnittsgeschwindigkeiten von \u00fcber einhundert Stundenkilometern erreicht werden k\u00f6nnen. Die Streckenf\u00fchrung wird f\u00fcr jeden Tag, je nach Wetterlage, neu festgelegt und in einem Briefing den Piloten mitgeteilt. Zust\u00e4ndig f\u00fcr die Streckenplanung ist Gerhard Renner, der zusammen mit Martin Trittler (Wettbewerbsleitung) und Henry Blum (Meteorologie) f\u00fcr den sportlichen Ablauf des Wettbewerbs verantwortlich ist. Bei entsprechendem Wetter wird jeweils ab etwa 11 Uhr gestartet. Die bis zu 75 Segelflugzeuge werden von mehreren Schleppflugzeugen in die Luft gebracht. Nach dem Start sind die Segelflieger ganz auf ihre F\u00e4higkeit, thermische Aufwinde zu [&#8230;]<\/p>\n","protected":false},"author":4,"featured_media":0,"parent":25,"menu_order":3,"comment_status":"closed","ping_status":"closed","template":"","meta":{"footnotes":""},"class_list":["post-836","page","type-page","status-publish","hentry"],"_links":{"self":[{"href":"http:\/\/aeroclub-klippeneck.de\/wp\/index.php?rest_route=\/wp\/v2\/pages\/836","targetHints":{"allow":["GET"]}}],"collection":[{"href":"http:\/\/aeroclub-klippeneck.de\/wp\/index.php?rest_route=\/wp\/v2\/pages"}],"about":[{"href":"http:\/\/aeroclub-klippeneck.de\/wp\/index.php?rest_route=\/wp\/v2\/types\/page"}],"author":[{"embeddable":true,"href":"http:\/\/aeroclub-klippeneck.de\/wp\/index.php?rest_route=\/wp\/v2\/users\/4"}],"replies":[{"embeddable":true,"href":"http:\/\/aeroclub-klippeneck.de\/wp\/index.php?rest_route=%2Fwp%2Fv2%2Fcomments&post=836"}],"version-history":[{"count":8,"href":"http:\/\/aeroclub-klippeneck.de\/wp\/index.php?rest_route=\/wp\/v2\/pages\/836\/revisions"}],"predecessor-version":[{"id":955,"href":"http:\/\/aeroclub-klippeneck.de\/wp\/index.php?rest_route=\/wp\/v2\/pages\/836\/revisions\/955"}],"up":[{"embeddable":true,"href":"http:\/\/aeroclub-klippeneck.de\/wp\/index.php?rest_route=\/wp\/v2\/pages\/25"}],"wp:attachment":[{"href":"http:\/\/aeroclub-klippeneck.de\/wp\/index.php?rest_route=%2Fwp%2Fv2%2Fmedia&parent=836"}],"curies":[{"name":"wp","href":"https:\/\/api.w.org\/{rel}","templated":true}]}}